{"id":2779,"date":"2019-02-13T09:19:51","date_gmt":"2019-02-13T09:19:51","guid":{"rendered":"https:\/\/dav.it\/privacy-policy\/"},"modified":"2019-07-02T09:17:09","modified_gmt":"2019-07-02T07:17:09","slug":"privacy-policy","status":"publish","type":"page","link":"https:\/\/www.dav.it\/en\/privacy-policy\/","title":{"rendered":"Privacy Policy"},"content":{"rendered":"<h3><span style=\"color: #555555;\"><strong>INFORMATIVA <\/strong><strong>SUL TRATTAMENTO E SULLA PROTEZIONE DEI VOSTRI DATI PERSONALI<\/strong><\/span><\/h3>\n<h3><span style=\"color: #555555;\"><strong><em>ai sensi dell\u2019art. 12 GDPR Reg. (UE) 27 aprile 2016, n. 2016\/679 relativo alla protezione delle persone fisiche con riguardo al trattamento dei dati personali, nonch\u00e9 alla libera circolazione <\/em><\/strong><\/span><\/h3>\n<p><span style=\"color: #555555;\">***<\/span><\/p>\n<p><span style=\"color: #555555;\">Noi di DAV S.r.l. prendiamo seriamente in considerazione la protezione dei tuoi dati personali. Quando trattiamo dati personali, la sicurezza dei dati e la loro protezione sono un aspetto importante per noi di cui teniamo conto nei processi aziendali. Noi trattiamo i tuoi dati personali in base alla legge sulla protezione dei dati personali applicabile, in particolare il Regolamento Generale sulla Protezione dei Dati Personali (&#8220;<strong>GDPR<\/strong>&#8220;).<\/span><\/p>\n<p><span style=\"color: #555555;\"><strong>Chi \u00e8 responsabile per il trattamento dei tuoi dati personali e come puoi raggiungere il nostro referente interno per la protezione dei dati personali?<\/strong><\/span><\/p>\n<p><span style=\"color: #555555;\">Ai sensi degli artt. 4, comma 7, e 24 del GDPR il Titolare del Trattamento dei dati personali del candidato \u00e8 la Societ\u00e0 DAV S.r.l. a socio unico, con sede legale in RHO (MI), Via Sirtori n. 39 contattabile per iscritto all\u2019indirizzo email: privacy@dav.it ovvero via posta al predetto indirizzo della sede legale o telefonicamente al numero 02.9308017<\/span><\/p>\n<p><span style=\"color: #555555;\">\u00a0<\/span><\/p>\n<p><span style=\"color: #555555;\"><strong>Per quali finalit\u00e0 trattiamo i tuoi dati personali e quale diritto abbiamo per farlo?<\/strong><\/span><\/p>\n<p><span style=\"color: #555555;\">Trattiamo i tuoi dati personali quando \u00e8 necessario all&#8217;esecuzione di un contratto che stai per sottoscrivere con noi di cui tu sei parte o all&#8217;esecuzione di misure o attivit\u00e0 precontrattuali (Art. 6 par. 1b GDPR), oppure:<\/span><\/p>\n<ol>\n<li><span style=\"color: #555555;\">Se ci contatti e ci invii richieste o informative sui nostri servizi o prodotti o invii mail o fax o richieste telefoniche ai nostri dipendenti o collaboratori o consulenti incaricati di prestare assistenza o rilasciare informazioni.<\/span><\/li>\n<li><span style=\"color: #555555;\">Se attivi un nostro servizio o acquisti un nostro prodotto o sottoscrivi con noi un contratto per servizi o prodotti che eroghiamo direttamente o indirettamente tramite partner commerciali o consulenti.<\/span><\/li>\n<li><span style=\"color: #555555;\">Se sorgono contestazioni sui servizi o sui prodotti allorquando sia necessario attivare consulenti tecnici o consulenti legali per la tutela dei diritti e degli interessi della nostra impresa.<\/span><\/li>\n<li><span style=\"color: #555555;\">Per adempiere alla normativa HSE di prevenzione e protezione dei rischi di infortunio e malattia professionale, sicurezza macchine di cui a titolo meramente esemplificativo il D.Lgs 81\/2008, e il D.Lgs 152\/2006 in materia di tutela dell\u2019ambiente e prevenzione inquinamento.<\/span><\/li>\n<li><span style=\"color: #555555;\">Per adempiere alla normativa di cui al D.Lgs 231\/01 in tema di prevenzione della responsabilit\u00e0 amministrativa da reato delle imprese.<\/span><\/li>\n<li><span style=\"color: #555555;\">Per adempiere ad obblighi fiscali e tributari, e obblighi di elaborazione contabile e predisposizione dei bilanci della nostra impresa.<\/span><\/li>\n<li><span style=\"color: #555555;\">Per adempiere alla normativa sul diritto del lavoro nel caso tu sia un nostro collaboratore o dipendente.<\/span><\/li>\n<li><span style=\"color: #555555;\">Per adempiere alle norme che regolano il funzionamento delle imprese e delle societ\u00e0 o alle richieste degli Enti Pubblici o degli Incaricati di pubblico servizio che agiscono in forza di normativa di diritto pubblico o di ordine dell\u2019Autorit\u00e0.<\/span><\/li>\n<li><span style=\"color: #555555;\">Per inviarti circolari informative di tipo tecnico in relazione ai servizi erogati, in questo caso rivolgendoci ai dati di contatto forniti dal cliente.<\/span><\/li>\n<li><span style=\"color: #555555;\">Trattiamo anche dati raccolti durante l\u2019esecuzione dei rapporti contrattuali in essere per identificare e correggere eventuali errori o malfunzionamenti nell\u2019erogazione delle attivit\u00e0 o dei servizi che eroghiamo o dei prodotti che forniamo.<\/span><\/li>\n<\/ol>\n<p><span style=\"color: #555555;\">\u00a0<\/span><\/p>\n<p><span style=\"color: #555555;\"><strong>Noi trattiamo i tuoi dati personali anche per fare marketing diretto?<\/strong><\/span><\/p>\n<p><span style=\"color: #555555;\">E\u2019 possibile che parte del trattamento dei Tuoi dati personali possa essere da noi dedicato per l\u2019anagrafe dei clienti e dei potenziali clienti (senza profilazione automatica), per promuovere nostri servizi o prodotti e offerte personalizzate (ad es. relative ad eventi speciali), per iscritto, durante una conversazione anche telefonica, o tramite comunicazione elettronica (e-mail, SMS, messenger, messaggi push). Lo facciamo anche per i prodotti o servizi erogati attraverso nostri partner esterni. Il marketing diretto \u00e8 effettuato nei confronti di chi \u00e8 gi\u00e0 cliente ma anche verso chi non ci conosce ancora. In ogni caso ci teniamo a sottolineare che adottiamo una stringente procedura di \u201copt-out\u201d nel caso Voi desideriate interrompere immediatamente questo tipo di servizio e ti informiamo che hai sempre diritto a richiedere il blocco del trattamento per questa categoria di trattamento specifico nelle modalit\u00e0 indicate qui di seguito.<\/span><\/p>\n<p><span style=\"color: #555555;\">Anche se per il GDPR \u00e8 superfluo in quanto \u00e8 riconosciuto nostro interesse legittimo l\u2019effettuare attivit\u00e0 di marketing per attivit\u00e0 e servizi inerenti alla nostra impresa senza necessit\u00e0 di conseguire un consenso preventivo, noi preferiamo per correttezza ove possibile chiederti sempre uno specifico consenso (opt-in) per il nostro marketing diretto, che potrai ovviamente revocare in ogni momento.<\/span><\/p>\n<p><span style=\"color: #555555;\">\u00a0<\/span><\/p>\n<p><span style=\"color: #555555;\"><strong>Che tipo di dati personali raccogliamo attraverso il sito web o via email o su moduli cartacei e per quali finalit\u00e0? <\/strong><\/span><\/p>\n<p><span style=\"color: #555555;\">Se navighi sul sito, questi sono i dati personali che noi trattiamo:<\/span><\/p>\n<ol>\n<li><span style=\"color: #555555;\"><strong>a) Dati di navigazione &#8211; <\/strong>Si tratta di informazioni NON raccolte per essere associate a te, ma che per loro stessa natura potrebbero, attraverso elaborazioni ed associazioni, permettere di identificare chi come te naviga presso questo sito. In questa categoria rientrano ad esempio gli indirizzi IP. Questi dati vengono utilizzati al solo fine di ricavare informazioni statistiche anonime sull\u2019uso del sito e per controllarne il corretto funzionamento e vengono cancellati immediatamente dopo l\u2019elaborazione. L\u2019unico utilizzo che possiamo farne \u00e8 relativo all\u2019accertamento di responsabilit\u00e0 in caso di ipotetici reati informatici ai danni del sito stesso. Per maggiori info: <a href=\"https:\/\/www.dav.it\/cookie-policy\"><strong><u>VEDI LA NOSTRA COOKIES POLICY<\/u><\/strong><\/a><\/span><\/li>\n<li><span style=\"color: #555555;\"><strong>b) Dati forniti volontariamente dall\u2019utente &#8211; <\/strong>L\u2019invio facoltativo, esplicito e volontario di posta elettronica agli indirizzi indicati su questo sito, nonch\u00e9 la compilazione dei form di contatto (anche in caso di attivit\u00e0 di e-commerce), comporta l\u2019acquisizione dell\u2019indirizzo del mittente, necessario per rispondere alle richieste, nonch\u00e9 degli eventuali altri dati personali inseriti dall\u2019utente (es. nome, cognome, ecc.). Tali dati potranno essere utilizzati per le seguenti finalit\u00e0:<\/span><\/li>\n<\/ol>\n<p><span style=\"color: #555555;\">1) rispondere a tue specifiche richieste;<\/span><\/p>\n<p><span style=\"color: #555555;\">2) attivit\u00e0 di gestione dei servizi erogati anche on-line;<\/span><\/p>\n<p><span style=\"color: #555555;\">3) informative precontrattuali e altre attivit\u00e0 necessarie alla conclusione o all\u2019esecuzione di contratti di cui \u00e8 parte l\u2019interessato.<\/span><\/p>\n<p><span style=\"color: #555555;\">Tali dati non sono mai utilizzati per l\u2019identificazione o profilazione dell\u2019utente ma solo ai fini di tutela del sito e dei suoi utenti, tali informazioni saranno trattate in base ai legittimi interessi del titolare.<\/span><\/p>\n<p><span style=\"color: #555555;\">Qualora il sito consenta l\u2019inserimento di commenti, la richiesta di informazioni oppure in caso di specifici servizi richiesti dall\u2019utente, ivi compresi la possibilit\u00e0 di inviare il Curriculum Vitae con autorizzazione esplicito al trattamento dei dati personali ivi contenuti o la possibilit\u00e0 di iscriversi volontariamente ad alcuni servizi del Titolare (es. newsletter), il sito raccoglie alcuni dati identificativi di contatto dell\u2019utente al momento della richiesta di erogazione del servizio (ad es. nome, cognome, numero di telefono, indirizzo e-mail). Inserendo un commento o altra informazione l\u2019utente accetta espressamente l\u2019informativa privacy, e in particolare consente che i contenuti inseriti siano eventualmente diffusi anche a terzi per le finalit\u00e0 legate al trattamento e di cui potete chiedere informazioni.<\/span><\/p>\n<p><span style=\"color: #555555;\">I suoi dati personali saranno trattati attenendosi a principi di correttezza, liceit\u00e0, trasparenza per consentirle la navigazione nel Sito e per dare seguito alle sue richieste, esclusivamente mediante strumenti automatizzati.<\/span><\/p>\n<p><span style=\"color: #555555;\">Il conferimento dei dati \u00e8 facoltativo, ma necessario per l\u2019esecuzione dei servizi e, in particolare, per consentirle la navigazione. Il mancato consenso all\u2019utilizzo dei dati per fini promozionali o per fini di profilazione non incide sulla navigazione, ma avr\u00e0 come unica conseguenza l\u2019impossibilit\u00e0 da parte del Titolare del trattamento di inviarle newsletter o di fornire proposte pi\u00f9 in linea con le sue preferenze d\u2019acquisto.<\/span><\/p>\n<p><span style=\"color: #555555;\">Il Titolare potr\u00e0 trattare, esclusivamente per le finalit\u00e0 indicate, solo dati comuni, quali, ad esempio, i dati di navigazione, anagrafici, riferimenti telematici e telefonici.<\/span><\/p>\n<p><span style=\"color: #555555;\">\u00a0<\/span><\/p>\n<p><span style=\"color: #555555;\"><strong>Sei obbligato a fornirci i tuoi dati personali quando te lo chiediamo con i moduli di contatto, e cosa succede se non lo fai?<\/strong><\/span><\/p>\n<p><span style=\"color: #555555;\">Il conferimento dei dati personali richiesti dalla nostra impresa \u00e8 necessario all&#8217;esecuzione di un contratto di cui sei parte o all&#8217;esecuzione di misure precontrattuali adottate su tua richiesta nei nostri confronti, ed \u00e8 quindi obbligatorio, altrimenti non saremmo in grado di eseguire tale contratto o in una posizione tale da adottare misure su tua richiesta. Inoltre si tratta di dati che noi abbiamo l\u2019obbligo legale di chiederVi per adempiere norme di legge a cui siamo sottoposti (fiscali, antiriciclaggio, amministrative, HSE \u2026).<\/span><\/p>\n<p><span style=\"color: #555555;\">Il conferimento di altri dati personali ulteriori e aggiuntivi rispetto ai dati richiesti dal modulo \u00e8 facoltativo, quando \u00e8 facoltativo te lo diciamo apertamente, in quel caso se non fornisci i dati aggiuntivi non succede niente.<\/span><\/p>\n<p><span style=\"color: #555555;\">\u00a0<\/span><\/p>\n<p><span style=\"color: #555555;\"><strong>Trasferiamo i tuoi dati personali a particolari categorie di destinatari in Italia o all\u2019Estero?<\/strong><\/span><\/p>\n<p><span style=\"color: #555555;\">I Vostri dati potrebbero essere trasferiti a fornitori di servizi IT esterni che forniscono l&#8217;infrastruttura server, attivit\u00e0 di manutenzione IT o ampie soluzioni IT (quali servizi cloud) e soluzioni software per nostro conto. I Vostri dati anagrafici e contabili potrebbero essere trasferiti a servizi esterni di contabilit\u00e0 elaborazione paghe e contributi, e predisposizione e revisione dei conti e dei bilanci o anche per mera archiviazione delle fatture.<\/span><\/p>\n<p><span style=\"color: #555555;\">In talune circostanze determinate dalla legge o dall\u2019autorit\u00e0 pubblica per adempiere ad obblighi informativi tassativamente previsti dalla legge o imposti dall\u2019autorit\u00e0 pubblica i tuoi dati personali potrebbero essere trasferiti a agenzie governative, tribunali, Agenzie per la Protezione Ambientale, Consulenti esterni e terze parti analoghe che siano enti pubblici o altre terze parti autorizzate<\/span><\/p>\n<p><span style=\"color: #555555;\">Alcuni dati di contatto possono essere trasferiti a societ\u00e0 di logistica se il trattamento \u00e8 necessario per spedire prodotti o plichi via posta o corriere.<\/span><\/p>\n<p><span style=\"color: #555555;\">\u00a0<\/span><\/p>\n<p><span style=\"color: #555555;\"><strong>Per quanto tempo conserviamo i tuoi dati?<\/strong><\/span><\/p>\n<p><span style=\"color: #555555;\">Noi ci impegniamo a conservare i Vostri dati personali fintantoch\u00e9 sia necessario per il conseguimento delle finalit\u00e0 per cui sono stati raccolti. Inoltre, conserviamo i dati personali se ci\u00f2 \u00e8 richiesto da obblighi normativi per 10 anni. Ad esempio, le fatture devono essere conservate per 10 anni. Inoltre, conserviamo i Vostri dati personali fino alla scadenza dei termini di prescrizione al fine di poter far valere eventuali pretese legali esistenti.<\/span><\/p>\n<p><span style=\"color: #555555;\">\u00a0<\/span><\/p>\n<p><span style=\"color: #555555;\"><strong>Quali sono i miei diritti sulla protezione dei miei dati personali, e come posso esercitarli?<\/strong><\/span><\/p>\n<p><span style=\"color: #555555;\">In base all&#8217;Art. 15 GDPR, hai il <strong>diritto di accesso <\/strong>riguardo i dati personali da noi conservati. Ci\u00f2 significa che hai il diritto di ottenere conferma da parte nostra che sia o meno in corso il trattamento dei tuoi dati personali, e in tal caso, richiedere l&#8217;accesso ai dati personali. Le informazioni relative all&#8217;accesso includono \u2013 tra le altre \u2013 le finalit\u00e0 del trattamento, le categorie di dati personali in questione e i destinatari o le categorie di destinatari a cui i dati personali sono stati o saranno comunicati. Tuttavia, questo non \u00e8 un diritto assoluto e gli interessi di altri soggetti possono limitare il tuo diritto di accesso.<\/span><\/p>\n<p><span style=\"color: #555555;\">Hai il <strong>diritto di ottenere una copia dei dati personali oggetto di trattamento<\/strong>. In caso di ulteriori copie da te richieste, possiamo addebitare un contributo spese ragionevole basato sui costi amministrativi sostenuti. Il diritto di accesso pu\u00f2 essere limitato in determinate circostanze.<\/span><\/p>\n<p><span style=\"color: #555555;\">Hai il <strong>diritto di ottenere la correzione dei dati personali incorretti <\/strong>in base all&#8217;Art. 16 GDPR. Ci\u00f2 significa che hai il diritto di ottenere la rettifica dei dati personali inesatti che ti riguardano. Tenuto conto delle finalit\u00e0 del trattamento, puoi avere il diritto di ottenere l&#8217;integrazione dei dati personali incompleti, anche fornendo una dichiarazione integrativa.<\/span><\/p>\n<p><span style=\"color: #555555;\">Hai il <strong>diritto alla cancellazione dei tuoi dati personali <\/strong>in base all&#8217;Art. 17 GDPR. Ci\u00f2 significa che in determinate circostanze, puoi avere il diritto di ottenere da parte nostra la cancellazione dei dati personali che ti riguardano e noi possiamo avere l&#8217;obbligo di cancellare tali dati personali. Il diritto alla cancellazione dei dati pu\u00f2 essere limitato in determinate circostanze.<\/span><\/p>\n<p><span style=\"color: #555555;\">Hai il <strong>diritto di ottenere la limitazione del trattamento dei tuoi dati personali <\/strong>in base all&#8217;Art. 18 GDPR. Ci\u00f2 significa che, in questo caso, i rispettivi dati verranno contrassegnati e potranno essere trattati da noi solo per determinate finalit\u00e0 (ad es. con il tuo consenso o per agire in giudizio).<\/span><\/p>\n<p><span style=\"color: #555555;\">In base all&#8217;Art. 20 GDPR, in determinate circostanze, puoi avere il diritto di ricevere in un formato strutturato, di uso comune e leggibile da dispositivo automatico i dati personali che ti riguardano che ci hai fornito e puoi avere il diritto di richiedere la trasmissione di tali dati a un altro titolare del trattamento senza impedimenti da parte nostra.<\/span><\/p>\n<p><span style=\"color: #555555;\">Se vi sono Tuoi dati personali che sono trattati esclusivamente in forza di un Tuo consenso e non per altri motivi legittimi, allora hai diritto di revocare quel consenso in qualsiasi momento con effetto futuro. Tale revoca non pregiudicher\u00e0 la liceit\u00e0 del trattamento basata sul consenso prima della revoca.<\/span><\/p>\n<p><span style=\"color: #555555;\">Se per\u00f2 apponi adesso il dissenso, poi non sar\u00e0 pi\u00f9 possibile ricevere informazioni promozionali o avere informazioni su eventi ai quali potresti essere interessato. Se vuoi pensarci e eventualmente interrompere in un secondo tempo l\u2019invio di materiale pubblicitario, newsletter, telefonate promozionali, devi sapere che in qualsiasi momento hai sempre il diritto di bloccare il nostro marketing diretto mediante l\u2019invio di una mail avente ad oggetto NO-MARKETING al seguente indirizzo: privacy@dav.it<\/span><\/p>\n<p><span style=\"color: #555555;\">Per esercitare tutti i tuoi diritti in materia di privacy, \u00e8 sufficiente inviarci una mail avente per oggetto il diritto che intendi esercitare e sarai contattato al pi\u00f9 presto da un nostro referente privacy per procedere in tal senso. Hai anche il diritto di proporre un reclamo al Garante Privacy (<a style=\"color: #555555;\" href=\"http:\/\/www.garanteprivacy.it\">www.garanteprivacy.it<\/a>) secondo quanto previsto dall\u2019art. 141 e ss D.Lgs. 30-6-2003 n. 196 Codice in materia di protezione dei dati personali, recante disposizioni per l&#8217;adeguamento dell&#8217;ordinamento nazionale al regolamento (UE) n. 2016\/679 del Parlamento europeo e del Consiglio, del 27 aprile 2016, relativo alla protezione delle persone fisiche con riguardo al trattamento dei dati personali, nonch\u00e9 alla libera circolazione di tali dati e che abroga la direttiva 95\/46\/CE.<\/span><\/p>\n<p><span style=\"color: #555555;\">\u00a0<\/span><\/p>\n<p><span style=\"color: #555555;\">Il titolare del trattamento<\/span><\/p>\n<p><span style=\"color: #555555;\">DAV S.r.l. a socio unico<\/span><\/p>\n<p><span style=\"color: #555555;\">\u00a0<\/span><\/p>\n","protected":false},"excerpt":{"rendered":"<p>INFORMATIVA SUL TRATTAMENTO E SULLA PROTEZIONE DEI VOSTRI DATI PERSONALI ai sensi dell\u2019art. 12 GDPR Reg. (UE) 27 aprile 2016, n. 2016\/679 relativo alla protezione delle persone fisiche con riguardo [&hellip;]<\/p>\n","protected":false},"author":1,"featured_media":0,"parent":0,"menu_order":0,"comment_status":"closed","ping_status":"open","template":"","meta":{"om_disable_all_campaigns":false,"_monsterinsights_skip_tracking":false,"_monsterinsights_sitenote_active":false,"_monsterinsights_sitenote_note":"","_monsterinsights_sitenote_category":0,"_uf_show_specific_survey":0,"_uf_disable_surveys":false,"footnotes":""},"class_list":["post-2779","page","type-page","status-publish","hentry"],"aioseo_notices":[],"yoast_head":"<!-- This site is optimized with the Yoast SEO plugin v24.2 - https:\/\/yoast.com\/wordpress\/plugins\/seo\/ -->\n<title>Privacy Policy - DAV<\/title>\n<meta name=\"robots\" content=\"index, follow, max-snippet:-1, max-image-preview:large, max-video-preview:-1\" \/>\n<link rel=\"canonical\" href=\"https:\/\/www.dav.it\/en\/privacy-policy\/\" \/>\n<meta property=\"og:locale\" content=\"en_US\" \/>\n<meta property=\"og:type\" content=\"article\" \/>\n<meta property=\"og:title\" content=\"Privacy Policy - DAV\" \/>\n<meta property=\"og:description\" content=\"INFORMATIVA SUL TRATTAMENTO E SULLA PROTEZIONE DEI VOSTRI DATI PERSONALI ai sensi dell\u2019art. 12 GDPR Reg. (UE) 27 aprile 2016, n. 2016\/679 relativo alla protezione delle persone fisiche con riguardo [&hellip;]\" \/>\n<meta property=\"og:url\" content=\"https:\/\/www.dav.it\/en\/privacy-policy\/\" \/>\n<meta property=\"og:site_name\" content=\"DAV\" \/>\n<meta property=\"article:modified_time\" content=\"2019-07-02T07:17:09+00:00\" \/>\n<meta name=\"twitter:card\" content=\"summary_large_image\" \/>\n<meta name=\"twitter:label1\" content=\"Est. reading time\" \/>\n\t<meta name=\"twitter:data1\" content=\"11 minutes\" \/>\n<script type=\"application\/ld+json\" class=\"yoast-schema-graph\">{\"@context\":\"https:\/\/schema.org\",\"@graph\":[{\"@type\":\"WebPage\",\"@id\":\"https:\/\/www.dav.it\/en\/privacy-policy\/\",\"url\":\"https:\/\/www.dav.it\/en\/privacy-policy\/\",\"name\":\"Privacy Policy - DAV\",\"isPartOf\":{\"@id\":\"https:\/\/www.dav.it\/en\/#website\"},\"datePublished\":\"2019-02-13T09:19:51+00:00\",\"dateModified\":\"2019-07-02T07:17:09+00:00\",\"breadcrumb\":{\"@id\":\"https:\/\/www.dav.it\/en\/privacy-policy\/#breadcrumb\"},\"inLanguage\":\"en-US\",\"potentialAction\":[{\"@type\":\"ReadAction\",\"target\":[\"https:\/\/www.dav.it\/en\/privacy-policy\/\"]}]},{\"@type\":\"BreadcrumbList\",\"@id\":\"https:\/\/www.dav.it\/en\/privacy-policy\/#breadcrumb\",\"itemListElement\":[{\"@type\":\"ListItem\",\"position\":1,\"name\":\"Home\",\"item\":\"https:\/\/www.dav.it\/en\/\"},{\"@type\":\"ListItem\",\"position\":2,\"name\":\"Privacy Policy\"}]},{\"@type\":\"WebSite\",\"@id\":\"https:\/\/www.dav.it\/en\/#website\",\"url\":\"https:\/\/www.dav.it\/en\/\",\"name\":\"DAV\",\"description\":\"Carpenteria Metallica specializzata nel Taglio Laser\",\"publisher\":{\"@id\":\"https:\/\/www.dav.it\/en\/#organization\"},\"potentialAction\":[{\"@type\":\"SearchAction\",\"target\":{\"@type\":\"EntryPoint\",\"urlTemplate\":\"https:\/\/www.dav.it\/en\/?s={search_term_string}\"},\"query-input\":{\"@type\":\"PropertyValueSpecification\",\"valueRequired\":true,\"valueName\":\"search_term_string\"}}],\"inLanguage\":\"en-US\"},{\"@type\":\"Organization\",\"@id\":\"https:\/\/www.dav.it\/en\/#organization\",\"name\":\"DAV\",\"url\":\"https:\/\/www.dav.it\/en\/\",\"logo\":{\"@type\":\"ImageObject\",\"inLanguage\":\"en-US\",\"@id\":\"https:\/\/www.dav.it\/en\/#\/schema\/logo\/image\/\",\"url\":\"https:\/\/www.dav.it\/wp-content\/uploads\/2024\/02\/logo-dav-base.png\",\"contentUrl\":\"https:\/\/www.dav.it\/wp-content\/uploads\/2024\/02\/logo-dav-base.png\",\"width\":585,\"height\":192,\"caption\":\"DAV\"},\"image\":{\"@id\":\"https:\/\/www.dav.it\/en\/#\/schema\/logo\/image\/\"},\"sameAs\":[\"https:\/\/www.linkedin.com\/company\/dav-spa\/\"]}]}<\/script>\n<!-- \/ Yoast SEO plugin. -->","yoast_head_json":{"title":"Privacy Policy - DAV","robots":{"index":"index","follow":"follow","max-snippet":"max-snippet:-1","max-image-preview":"max-image-preview:large","max-video-preview":"max-video-preview:-1"},"canonical":"https:\/\/www.dav.it\/en\/privacy-policy\/","og_locale":"en_US","og_type":"article","og_title":"Privacy Policy - DAV","og_description":"INFORMATIVA SUL TRATTAMENTO E SULLA PROTEZIONE DEI VOSTRI DATI PERSONALI ai sensi dell\u2019art. 12 GDPR Reg. (UE) 27 aprile 2016, n. 2016\/679 relativo alla protezione delle persone fisiche con riguardo [&hellip;]","og_url":"https:\/\/www.dav.it\/en\/privacy-policy\/","og_site_name":"DAV","article_modified_time":"2019-07-02T07:17:09+00:00","twitter_card":"summary_large_image","twitter_misc":{"Est. reading time":"11 minutes"},"schema":{"@context":"https:\/\/schema.org","@graph":[{"@type":"WebPage","@id":"https:\/\/www.dav.it\/en\/privacy-policy\/","url":"https:\/\/www.dav.it\/en\/privacy-policy\/","name":"Privacy Policy - DAV","isPartOf":{"@id":"https:\/\/www.dav.it\/en\/#website"},"datePublished":"2019-02-13T09:19:51+00:00","dateModified":"2019-07-02T07:17:09+00:00","breadcrumb":{"@id":"https:\/\/www.dav.it\/en\/privacy-policy\/#breadcrumb"},"inLanguage":"en-US","potentialAction":[{"@type":"ReadAction","target":["https:\/\/www.dav.it\/en\/privacy-policy\/"]}]},{"@type":"BreadcrumbList","@id":"https:\/\/www.dav.it\/en\/privacy-policy\/#breadcrumb","itemListElement":[{"@type":"ListItem","position":1,"name":"Home","item":"https:\/\/www.dav.it\/en\/"},{"@type":"ListItem","position":2,"name":"Privacy Policy"}]},{"@type":"WebSite","@id":"https:\/\/www.dav.it\/en\/#website","url":"https:\/\/www.dav.it\/en\/","name":"DAV","description":"Carpenteria Metallica specializzata nel Taglio Laser","publisher":{"@id":"https:\/\/www.dav.it\/en\/#organization"},"potentialAction":[{"@type":"SearchAction","target":{"@type":"EntryPoint","urlTemplate":"https:\/\/www.dav.it\/en\/?s={search_term_string}"},"query-input":{"@type":"PropertyValueSpecification","valueRequired":true,"valueName":"search_term_string"}}],"inLanguage":"en-US"},{"@type":"Organization","@id":"https:\/\/www.dav.it\/en\/#organization","name":"DAV","url":"https:\/\/www.dav.it\/en\/","logo":{"@type":"ImageObject","inLanguage":"en-US","@id":"https:\/\/www.dav.it\/en\/#\/schema\/logo\/image\/","url":"https:\/\/www.dav.it\/wp-content\/uploads\/2024\/02\/logo-dav-base.png","contentUrl":"https:\/\/www.dav.it\/wp-content\/uploads\/2024\/02\/logo-dav-base.png","width":585,"height":192,"caption":"DAV"},"image":{"@id":"https:\/\/www.dav.it\/en\/#\/schema\/logo\/image\/"},"sameAs":["https:\/\/www.linkedin.com\/company\/dav-spa\/"]}]}},"_links":{"self":[{"href":"https:\/\/www.dav.it\/en\/wp-json\/wp\/v2\/pages\/2779","targetHints":{"allow":["GET"]}}],"collection":[{"href":"https:\/\/www.dav.it\/en\/wp-json\/wp\/v2\/pages"}],"about":[{"href":"https:\/\/www.dav.it\/en\/wp-json\/wp\/v2\/types\/page"}],"author":[{"embeddable":true,"href":"https:\/\/www.dav.it\/en\/wp-json\/wp\/v2\/users\/1"}],"replies":[{"embeddable":true,"href":"https:\/\/www.dav.it\/en\/wp-json\/wp\/v2\/comments?post=2779"}],"version-history":[{"count":0,"href":"https:\/\/www.dav.it\/en\/wp-json\/wp\/v2\/pages\/2779\/revisions"}],"wp:attachment":[{"href":"https:\/\/www.dav.it\/en\/wp-json\/wp\/v2\/media?parent=2779"}],"curies":[{"name":"wp","href":"https:\/\/api.w.org\/{rel}","templated":true}]}}